{"id":12576,"date":"2025-08-08T14:19:57","date_gmt":"2025-08-08T12:19:57","guid":{"rendered":"https:\/\/adriondesign.com\/?page_id=12576"},"modified":"2025-08-08T14:19:59","modified_gmt":"2025-08-08T12:19:59","slug":"privacy-policy","status":"publish","type":"page","link":"https:\/\/adriondesign.com\/hr\/privacy-policy\/","title":{"rendered":"Politika Privatnosti"},"content":{"rendered":"<p>Ova Pravila o privatnosti opisuju na\u0161a pravila i postupke u vezi s prikupljanjem, kori\u0161tenjem i otkrivanjem Va\u0161ih podataka kada koristite Uslugu te Vas informiraju o Va\u0161im pravima na privatnost i na\u010dinu na koji Vas zakon \u0161titi.<\/p>\n\n\n\n<p>Va\u0161e osobne podatke koristimo kako bismo pru\u017eili i pobolj\u0161ali Uslugu. Kori\u0161tenjem Usluge pristajete na prikupljanje i kori\u0161tenje podataka u skladu s ovim Pravilima o privatnosti. Ova Pravila o privatnosti izra\u0111ena su uz pomo\u0107&nbsp;<a href=\"https:\/\/www.termsfeed.com\/privacy-policy-generator\/\" target=\"_blank\" rel=\"noreferrer noopener\">Privacy Policy Generator<\/a>.<\/p>\n\n\n\n<h2 class=\"wp-block-heading\">Tuma\u010denje i definicije<\/h2>\n\n\n\n<h3 class=\"wp-block-heading\">Tuma\u010denje<\/h3>\n\n\n\n<p>Rije\u010di \u010dije je po\u010detno slovo napisano velikim slovom imaju zna\u010denja definirana prema sljede\u0107im uvjetima. Sljede\u0107e definicije imat \u0107e isto zna\u010denje bez obzira na to pojavljuju li se u jednini ili mno\u017eini.<\/p>\n\n\n\n<h3 class=\"wp-block-heading\">Definicije<\/h3>\n\n\n\n<p>Za potrebe ove Politike privatnosti:<\/p>\n\n\n\n<ul class=\"wp-block-list\">\n<li><strong>Ra\u010dun<\/strong>\u00a0zna\u010di jedinstveni ra\u010dun kreiran za Vas kako biste pristupili na\u0161oj Usluzi ili dijelovima na\u0161e Usluge.<\/li>\n\n\n\n<li><strong>Povezano dru\u0161tvo<\/strong>\u00a0zna\u010di entitet koji kontrolira, pod kontrolom je ili je pod zajedni\u010dkom kontrolom sa strankom, pri \u010demu \"kontrola\" zna\u010di vlasni\u0161tvo nad 50% ili vi\u0161e dionica, vlasni\u010dkog udjela ili drugih vrijednosnih papira s pravom glasa za izbor direktora ili drugog upravlja\u010dkog tijela.<\/li>\n\n\n\n<li><strong>Tvrtka<\/strong>\u00a0(u ovom Ugovoru naziva se ili \"Tvrtka\", \"Mi\", \"Nas\" ili \"Na\u0161\") odnosi se na Adrion Design, Kipara Me\u0161trovi\u0107a 19, 21300 Makarska.<\/li>\n\n\n\n<li><strong>Cookies<\/strong>\u00a0malene su datoteke koje web stranica postavlja na Va\u0161e ra\u010dunalo, mobilni ure\u0111aj ili bilo koji drugi ure\u0111aj, a sadr\u017ee pojedinosti o Va\u0161oj povijesti pregledavanja na toj web stranici, izme\u0111u ostalog.<\/li>\n\n\n\n<li><strong>Dr\u017eava<\/strong>\u00a0odnosi se na: Hrvatska<\/li>\n\n\n\n<li><strong>Device<\/strong>\u00a0zna\u010di bilo koji ure\u0111aj koji mo\u017ee pristupiti Usluzi, kao \u0161to je ra\u010dunalo, mobitel ili digitalni tablet.<\/li>\n\n\n\n<li><strong>Osobni podaci<\/strong>\u00a0je bilo koja informacija koja se odnosi na identificiranu fizi\u010dku osobu ili fizi\u010dku osobu koja se mo\u017ee identificirati.<\/li>\n\n\n\n<li><strong>Service<\/strong>\u00a0odnosi se na Web stranicu.<\/li>\n\n\n\n<li><strong>Service Provider<\/strong>\u00a0zna\u010di svaka fizi\u010dka ili pravna osoba koja obra\u0111uje podatke u ime Tvrtke. Odnosi se na tre\u0107e strane ili pojedince koje Tvrtka zapo\u0161ljava kako bi olak\u0161ali Uslugu, pru\u017eali Uslugu u ime Tvrtke, obavljali usluge povezane s Uslugom ili pomagali Tvrtki u analizi na\u010dina kori\u0161tenja Usluge.<\/li>\n\n\n\n<li><strong>Podaci o kori\u0161tenju<\/strong>\u00a0odnosi se na podatke koji se automatski prikupljaju, bilo da su generirani upotrebom Usluge ili iz same infrastrukture Usluge (na primjer, trajanje posjete stranici).<\/li>\n\n\n\n<li><strong>Web stranica https:\/\/adriondesign.com\/<\/strong>\u00a0odnosi se na Adrion Design, dostupno s\u00a0<a href=\"https:\/\/adriondesign.com\/hr\/\" target=\"_blank\" rel=\"noreferrer noopener\">https:\/\/adriondesign.com\/<\/a><\/li>\n\n\n\n<li><strong>You<\/strong>\u00a0zna\u010di pojedinac koji pristupa ili koristi Uslugu, ili tvrtka, ili drugi pravni entitet u \u010dije ime taj pojedinac pristupa ili koristi Uslugu, prema potrebi.<\/li>\n<\/ul>\n\n\n\n<h2 class=\"wp-block-heading\">Prikupljanje i kori\u0161tenje Va\u0161ih osobnih podataka<\/h2>\n\n\n\n<h3 class=\"wp-block-heading\">Vrste prikupljenih podataka<\/h3>\n\n\n\n<h4 class=\"wp-block-heading\">Osobni podaci<\/h4>\n\n\n\n<p>Tijekom kori\u0161tenja na\u0161e Usluge, mo\u017eemo Vas zamoliti da nam pru\u017eite odre\u0111ene osobne podatke koji se mogu koristiti za kontaktiranje ili Va\u0161u identifikaciju. Osobni podaci mogu uklju\u010divati, ali nisu ograni\u010deni na:<\/p>\n\n\n\n<ul class=\"wp-block-list\">\n<li>E-mail adresa<\/li>\n\n\n\n<li>Ime i prezime<\/li>\n\n\n\n<li>Broj telefona<\/li>\n\n\n\n<li>Adresa, Dr\u017eava, Pokrajina, Po\u0161tanski broj, Grad<\/li>\n\n\n\n<li>Podaci o kori\u0161tenju<\/li>\n<\/ul>\n\n\n\n<h4 class=\"wp-block-heading\">Podaci o kori\u0161tenju<\/h4>\n\n\n\n<p>Podaci o kori\u0161tenju prikupljaju se automatski prilikom kori\u0161tenja Usluge.<\/p>\n\n\n\n<p>Podaci o kori\u0161tenju mogu uklju\u010divati informacije kao \u0161to su internetska IP adresa Va\u0161eg ure\u0111aja (npr. IP adresa), vrsta preglednika, verzija preglednika, stranice na\u0161e Usluge koje posje\u0107ujete, vrijeme i datum Va\u0161eg posjeta, vrijeme provedeno na tim stranicama, jedinstveni identifikatori ure\u0111aja i drugi dijagnosti\u010dki podaci.<\/p>\n\n\n\n<p>Kada pristupate Usluzi putem mobilnog ure\u0111aja, mo\u017eemo automatski prikupljati odre\u0111ene informacije, uklju\u010duju\u0107i, ali ne ograni\u010davaju\u0107i se na, vrstu mobilnog ure\u0111aja koji koristite, jedinstveni ID Va\u0161eg mobilnog ure\u0111aja, IP adresu Va\u0161eg mobilnog ure\u0111aja, Va\u0161 mobilni operativni sustav, vrstu mobilnog internetskog preglednika koji koristite, jedinstvene identifikatore ure\u0111aja i druge dijagnosti\u010dke podatke.<\/p>\n\n\n\n<p>We may also collect information that Your browser sends whenever You visit our Service or when You access the Service by or through a mobile device.<\/p>\n\n\n\n<h4 class=\"wp-block-heading\">Tehnologije pra\u0107enja i kola\u010di\u0107i<\/h4>\n\n\n\n<p>Mi koristimo kola\u010di\u0107e i sli\u010dne tehnologije pra\u0107enja za pra\u0107enje aktivnosti na na\u0161oj Usluzi i pohranu odre\u0111enih informacija. Tehnologije pra\u0107enja koje se koriste su web-pratilice (beacons), oznake (tags) i skripte za prikupljanje i pra\u0107enje informacija te za pobolj\u0161anje i analizu na\u0161e Usluge. Tehnologije koje koristimo mogu uklju\u010divati:<\/p>\n\n\n\n<ul class=\"wp-block-list\">\n<li><strong>Kola\u010di\u0107i ili Kola\u010di\u0107i preglednika.<\/strong>\u00a0Kola\u010di\u0107 je mala datoteka postavljena na Va\u0161 ure\u0111aj. Mo\u017eete uputiti svom pregledniku da odbije sve kola\u010di\u0107e ili da Vas obavijesti kada se kola\u010di\u0107 \u0161alje. Me\u0111utim, ako ne prihvatite kola\u010di\u0107e, mo\u017eda ne\u0107ete mo\u0107i koristiti neke dijelove na\u0161e Usluge. Osim ako niste prilagodili postavke svog preglednika tako da odbija kola\u010di\u0107e, na\u0161a Usluga mo\u017ee koristiti kola\u010di\u0107e.<\/li>\n\n\n\n<li><strong>Web-pratilice.<\/strong>\u00a0Odre\u0111eni dijelovi na\u0161e Usluge i na\u0161e e-poruke mogu sadr\u017eavati male elektroni\u010dke datoteke poznate kao web-pratilice (tako\u0111er se nazivaju \u010disti gifovi, pikselne oznake i gifovi s jednim pikselom) koje omogu\u0107uju Tvrtki, na primjer, brojanje korisnika koji su posjetili te stranice ili otvorili e-po\u0161tu te za druge srodne statistike web stranice (na primjer, bilje\u017eenje popularnosti odre\u0111enog odjeljka te provjeru integriteta sustava i poslu\u017eitelja).<\/li>\n<\/ul>\n\n\n\n<p>Kola\u010di\u0107i mogu biti \"trajni\" ili \"sesijski\". Trajni kola\u010di\u0107i ostaju na Va\u0161em osobnom ra\u010dunalu ili mobilnom ure\u0111aju kada se isklju\u010dite, dok se sesijski kola\u010di\u0107i bri\u0161u \u010dim zatvorite svoj web preglednik. Mo\u017eete saznati vi\u0161e o kola\u010di\u0107ima na&nbsp;<a href=\"https:\/\/www.termsfeed.com\/blog\/cookies\/#What_Are_Cookies\" target=\"_blank\" rel=\"noreferrer noopener\">TermsFeed website<\/a>&nbsp;\u010dlanak<\/p>\n\n\n\n<p>Koristimo i sesijske i trajne kola\u010di\u0107e u svrhe navedene u nastavku:<\/p>\n\n\n\n<ul class=\"wp-block-list\">\n<li><strong>Nu\u017eni \/ Esencijalni kola\u010di\u0107i<\/strong>Svrha: Ovi su kola\u010di\u0107i klju\u010dni za pru\u017eanje usluga dostupnih putem web stranice i omogu\u0107avanje kori\u0161tenja nekih njenih zna\u010dajki. Poma\u017eu u provjeri autenti\u010dnosti korisnika i sprje\u010davanju prijevarnog kori\u0161tenja korisni\u010dkih ra\u010duna. Bez ovih kola\u010di\u0107a, usluge koje ste tra\u017eili ne mogu biti pru\u017eene, a mi ih koristimo isklju\u010divo kako bismo Vam pru\u017eili te usluge.<\/li>\n\n\n\n<li><strong>Kola\u010di\u0107i za prihva\u0107anje pravila o kola\u010di\u0107ima \/ Obavijesti<\/strong>Vrsta: Trajni kola\u010di\u0107i Administrator: Mi Svrha: Ovi kola\u010di\u0107i identificiraju jesu li korisnici prihvatili kori\u0161tenje kola\u010di\u0107a na web stranici.<\/li>\n\n\n\n<li><strong>Kola\u010di\u0107i Funkcionalnosti<\/strong>Vrsta: Trajni kola\u010di\u0107i Administrator: Mi Svrha: Ovi nam kola\u010di\u0107i omogu\u0107uju da zapamtimo odabire koje ste napravili prilikom kori\u0161tenja web stranice, kao \u0161to su Va\u0161i podaci za prijavu ili jezi\u010dne preferencije. Svrha ovih kola\u010di\u0107a je pru\u017eiti Vam osobnije iskustvo i sprije\u010diti da svaki put kada koristite web stranicu ponovno unosite svoje postavke.<\/li>\n<\/ul>\n\n\n\n<p>Za vi\u0161e informacija o kola\u010di\u0107ima koje koristimo i Va\u0161im izborima u vezi s kola\u010di\u0107ima, molimo posjetite na\u0161a Pravila o kola\u010di\u0107ima ili odjeljak o kola\u010di\u0107ima u na\u0161im Pravilima o privatnosti.<\/p>\n\n\n\n<h3 class=\"wp-block-heading\">Kori\u0161tenje Va\u0161ih osobnih podataka<\/h3>\n\n\n\n<p>Tvrtka mo\u017ee koristiti Osobne podatke u sljede\u0107e svrhe:<\/p>\n\n\n\n<ul class=\"wp-block-list\">\n<li><strong>Za pru\u017eanje i odr\u017eavanje na\u0161e Usluge<\/strong>, uklju\u010duju\u0107i pra\u0107enje kori\u0161tenja na\u0161e Usluge.<\/li>\n\n\n\n<li><strong>Za upravljanje Va\u0161im ra\u010dunom:<\/strong>\u00a0za upravljanje Va\u0161om registracijom kao korisnika Usluge. Osobni podaci koje ste dali mogu Vam omogu\u0107iti pristup razli\u010ditim funkcionalnostima Usluge koje su Vam dostupne kao registriranom korisniku.<\/li>\n\n\n\n<li><strong>Za izvr\u0161enje ugovora:<\/strong>\u00a0the development, compliance and undertaking of the purchase contract for the products, items or services You have purchased or of any other contract with Us through the Service.<\/li>\n\n\n\n<li><strong>Za kontaktiranje Vas:<\/strong>\u00a0Kontaktiranje putem e-po\u0161te, telefonskih poziva, SMS-a ili drugih jednakovrijednih oblika elektroni\u010dke komunikacije, kao \u0161to su push obavijesti mobilne aplikacije o a\u017euriranjima ili informativnim komunikacijama vezanim za funkcionalnosti, proizvode ili ugovorene usluge, uklju\u010duju\u0107i sigurnosna a\u017euriranja, kada je to potrebno ili razumno za njihovu provedbu.<\/li>\n\n\n\n<li><strong>Za pru\u017eanje Vam<\/strong>\u00a0s vijestima, posebnim ponudama i op\u0107im informacijama o drugim robama, uslugama i doga\u0111ajima koje nudimo, a sli\u010dni su onima koje ste ve\u0107 kupili ili se o njima raspitivali, osim ako niste odabrali da ne primate takve informacije.<\/li>\n\n\n\n<li><strong>Za upravljanje Va\u0161im zahtjevima:<\/strong>\u00a0Za prihva\u0107anje i upravljanje Va\u0161im zahtjevima prema Nama.<\/li>\n\n\n\n<li><strong>Za poslovne transfere:<\/strong>\u00a0Va\u0161e podatke mo\u017eemo koristiti za procjenu ili provedbu spajanja, prodaje, restrukturiranja, reorganizacije, raspu\u0161tanja ili druge prodaje ili prijenosa neke ili cijele Na\u0161e imovine, bilo kao djelatnosti poduze\u0107a ili kao dio ste\u010daja, likvidacije ili sli\u010dnog postupka, u kojem su Osobni podaci o na\u0161im korisnicima Usluge koje posjedujemo me\u0111u prenesenom imovinom.<\/li>\n\n\n\n<li><strong>Za druge svrhe<\/strong>: Tako\u0111er mo\u017eemo koristiti Va\u0161e podatke u druge svrhe, kao \u0161to su analiza podataka, identifikacija trendova kori\u0161tenja, odre\u0111ivanje u\u010dinkovitosti na\u0161ih promotivnih kampanja te za procjenu i pobolj\u0161anje na\u0161e Usluge, proizvoda, usluga, marketinga i Va\u0161eg iskustva.<\/li>\n<\/ul>\n\n\n\n<p>Va\u0161e osobne podatke mo\u017eemo dijeliti u sljede\u0107im situacijama:<\/p>\n\n\n\n<ul class=\"wp-block-list\">\n<li><strong>S pru\u017eateljima usluga:<\/strong>\u00a0Va\u0161e osobne podatke mo\u017eemo dijeliti s pru\u017eateljima usluga kako bismo nadzirali i analizirali kori\u0161tenje na\u0161e Usluge te kako bismo Vas kontaktirali.<\/li>\n\n\n\n<li><strong>Za poslovne transfere:<\/strong>\u00a0Mo\u017eemo podijeliti ili prenijeti Va\u0161e osobne podatke u vezi s, ili tijekom pregovora o, bilo kakvom spajanju, prodaji imovine tvrtke, financiranju, ili stjecanju cijelog ili dijela Na\u0161eg poslovanja od strane druge tvrtke.<\/li>\n\n\n\n<li><strong>S podru\u017enicama:<\/strong>\u00a0Va\u0161e podatke mo\u017eemo dijeliti s na\u0161im podru\u017enicama, u kojem \u0107emo slu\u010daju zahtijevati od tih podru\u017enica da po\u0161tuju ova Pravila o privatnosti. Podru\u017enice uklju\u010duju Na\u0161u mati\u010dnu tvrtku i sve druge podru\u017enice, partnere u zajedni\u010dkim pothvatima ili druge tvrtke koje Mi kontroliramo ili koje su pod zajedni\u010dkom kontrolom s Nama.<\/li>\n\n\n\n<li><strong>S poslovnim partnerima:<\/strong>\u00a0Va\u0161e podatke mo\u017eemo dijeliti s na\u0161im poslovnim partnerima kako bismo Vam ponudili odre\u0111ene proizvode, usluge ili promocije.<\/li>\n\n\n\n<li><strong>S drugim korisnicima:<\/strong>\u00a0Kada dijelite osobne podatke ili na drugi na\u010din komunicirate u javnim podru\u010djima s drugim korisnicima, takve informacije mogu vidjeti svi korisnici i mogu biti javno distribuirane vani.<\/li>\n\n\n\n<li><strong>S Va\u0161om suglasno\u0161\u0107u<\/strong>Uz Va\u0161u suglasnost, Va\u0161e osobne podatke mo\u017eemo otkriti u bilo koju drugu svrhu.<\/li>\n<\/ul>\n\n\n\n<h3 class=\"wp-block-heading\">Zadr\u017eavanje Va\u0161ih osobnih podataka<\/h3>\n\n\n\n<p>Tvrtka \u0107e zadr\u017eati Va\u0161e Osobne podatke samo onoliko dugo koliko je potrebno za svrhe navedene u ovim Pravilima o privatnosti. Zadr\u017eat \u0107emo i koristiti Va\u0161e Osobne podatke u mjeri u kojoj je to potrebno kako bismo ispunili na\u0161e zakonske obveze (na primjer, ako smo obvezni zadr\u017eati va\u0161e podatke kako bismo se uskladili s primjenjivim zakonima), rije\u0161ili sporove i proveli na\u0161e pravne sporazume i politike.<\/p>\n\n\n\n<p>The Company will also retain Usage Data for internal analysis purposes. Usage Data is generally retained for a shorter period of time, except when this data is used to strengthen the security or to improve the functionality of Our Service, or We are legally obligated to retain this data for longer time periods.<\/p>\n\n\n\n<h3 class=\"wp-block-heading\">Prijenos Va\u0161ih osobnih podataka<\/h3>\n\n\n\n<p>Your information, including Personal Data, is processed at the Company&#8217;s operating offices and in any other places where the parties involved in the processing are located. It means that this information may be transferred to \u2014 and maintained on \u2014 computers located outside of Your state, province, country or other governmental jurisdiction where the data protection laws may differ than those from Your jurisdiction.<\/p>\n\n\n\n<p>Your consent to this Privacy Policy followed by Your submission of such information represents Your agreement to that transfer.<\/p>\n\n\n\n<p>The Company will take all steps reasonably necessary to ensure that Your data is treated securely and in accordance with this Privacy Policy and no transfer of Your Personal Data will take place to an organization or a country unless there are adequate controls in place including the security of Your data and other personal information.<\/p>\n\n\n\n<h3 class=\"wp-block-heading\">Delete Your Personal Data<\/h3>\n\n\n\n<p>Imate pravo izbrisati ili zatra\u017eiti od Nas da Vam pomognemo u brisanju osobnih podataka koje smo prikupili o Vama.<\/p>\n\n\n\n<p>Our Service may give You the ability to delete certain information about You from within the Service.<\/p>\n\n\n\n<p>Mo\u017eete a\u017eurirati, izmijeniti ili izbrisati svoje podatke u bilo kojem trenutku prijavom na svoj Ra\u010dun, ako ga imate, i posjetom odjeljku postavki ra\u010duna koji Vam omogu\u0107uje upravljanje Va\u0161im osobnim podacima. Tako\u0111er nas mo\u017eete kontaktirati kako biste zatra\u017eili pristup, ispravak ili brisanje bilo kojih osobnih podataka koje ste nam dostavili.<\/p>\n\n\n\n<p>Me\u0111utim, imajte na umu da \u0107emo mo\u017eda morati zadr\u017eati odre\u0111ene podatke kada imamo zakonsku obvezu ili pravnu osnovu za to.<\/p>\n\n\n\n<h3 class=\"wp-block-heading\">Otkrivanje Va\u0161ih osobnih podataka<\/h3>\n\n\n\n<h4 class=\"wp-block-heading\">Poslovne Transakcije<\/h4>\n\n\n\n<p>Ako je Tvrtka uklju\u010dena u spajanje, preuzimanje ili prodaju imovine, Va\u0161i Osobni podaci mogu biti preneseni. Obavijestit \u0107emo Vas prije nego \u0161to Va\u0161i Osobni podaci budu preneseni i postanu podlo\u017eni druga\u010dijim Pravilima o privatnosti.<\/p>\n\n\n\n<h4 class=\"wp-block-heading\">Provedba zakona<\/h4>\n\n\n\n<p>Pod odre\u0111enim okolnostima, Tvrtka mo\u017ee biti obvezna otkriti Va\u0161e Osobne podatke ako to zahtijeva zakon ili kao odgovor na valjane zahtjeve javnih tijela (npr. suda ili vladine agencije).<\/p>\n\n\n\n<h4 class=\"wp-block-heading\">Ostali zakonski zahtjevi<\/h4>\n\n\n\n<p>Tvrtka mo\u017ee otkriti Va\u0161e Osobne podatke u dobroj vjeri, vjeruju\u0107i da je takvo djelovanje neophodno za:<\/p>\n\n\n\n<ul class=\"wp-block-list\">\n<li>Comply with a legal obligation<\/li>\n\n\n\n<li>Za\u0161tititi i obraniti prava ili imovinu Tvrtke<\/li>\n\n\n\n<li>Sprije\u010diti ili istra\u017eiti mogu\u0107e nezakonite radnje u vezi s Uslugom<\/li>\n\n\n\n<li>Za\u0161tititi osobnu sigurnost Korisnika Usluge ili javnosti<\/li>\n\n\n\n<li>Za\u0161tititi se od pravne odgovornosti.<\/li>\n<\/ul>\n\n\n\n<h3 class=\"wp-block-heading\">Sigurnost Va\u0161ih osobnih podataka<\/h3>\n\n\n\n<p>Sigurnost Va\u0161ih osobnih podataka nam je va\u017ena, ali imajte na umu da nijedan na\u010din prijenosa putem interneta ili na\u010din elektroni\u010dke pohrane nije 100% siguran. Iako nastojimo koristiti komercijalno prihvatljiva sredstva za za\u0161titu Va\u0161ih osobnih podataka, ne mo\u017eemo jam\u010diti njihovu apsolutnu sigurnost.<\/p>\n\n\n\n<h2 class=\"wp-block-heading\">Privatnost djece<\/h2>\n\n\n\n<p>Na\u0161a Usluga nije namijenjena osobama mla\u0111im od 13 godina. Ne prikupljamo svjesno osobne podatke od osoba mla\u0111ih od 13 godina. Ako ste roditelj ili skrbnik i svjesni ste da nam je Va\u0161e dijete dostavilo Osobne podatke, molimo Vas da nas kontaktirate. Ako postanemo svjesni da smo prikupili Osobne podatke od bilo koga mla\u0111eg od 13 godina bez provjere roditeljskog pristanka, poduzimamo korake za uklanjanje tih podataka s na\u0161ih poslu\u017eitelja.<\/p>\n\n\n\n<p>Ako se trebamo osloniti na pristanak kao pravnu osnovu za obradu Va\u0161ih podataka, a Va\u0161a zemlja zahtijeva pristanak roditelja, mo\u017eemo tra\u017eiti pristanak Va\u0161eg roditelja prije nego \u0161to prikupimo i upotrijebimo te podatke.<\/p>\n\n\n\n<h2 class=\"wp-block-heading\">Poveznice na druge web-stranice<\/h2>\n\n\n\n<p>Na\u0161a Usluga mo\u017ee sadr\u017eavati poveznice na druge web-stranice kojima Mi ne upravljamo. Ako kliknete na poveznicu tre\u0107e strane, bit \u0107ete preusmjereni na stranicu te tre\u0107e strane. Toplo Vam savjetujemo da pregledate Pravila o privatnosti svake stranice koju posjetite.<\/p>\n\n\n\n<p>We have no control over and assume no responsibility for the content, privacy policies or practices of any third party sites or services.<\/p>\n\n\n\n<h2 class=\"wp-block-heading\">Izmjene ovih Pravila o privatnosti<\/h2>\n\n\n\n<p>S vremena na vrijeme mo\u017eemo a\u017eurirati na\u0161a Pravila o privatnosti. Obavijestit \u0107emo Vas o svim promjenama objavljivanjem novih Pravila o privatnosti na ovoj stranici.<\/p>\n\n\n\n<p>Obavijestit \u0107emo Vas putem e-po\u0161te i\/ili istaknutom obavijesti na na\u0161oj Usluzi, prije nego \u0161to promjena stupi na snagu, te \u0107emo a\u017eurirati datum \"Posljednje a\u017eurirano\" na vrhu ovih Pravila o privatnosti.<\/p>\n\n\n\n<p>Savjetujemo Vam da povremeno pregledavate ova Pravila o privatnosti radi eventualnih promjena. Promjene ovih Pravila o privatnosti stupaju na snagu kada se objave na ovoj stranici.<\/p>\n\n\n\n<h2 class=\"wp-block-heading\">KONTAKT<\/h2>\n\n\n\n<p>Ako imate bilo kakvih pitanja o ovim Pravilima o privatnosti, mo\u017eete nas kontaktirati:<\/p>\n\n\n\n<ul class=\"wp-block-list\">\n<li>E-po\u0161tom: info@adriondesign.com<\/li>\n<\/ul>","protected":false},"excerpt":{"rendered":"<p>This Privacy Policy describes Our policies and procedures on the collection, use and disclosure of Your information when You use the Service and tells You about Your privacy rights and how the law protects You. We use Your Personal data to provide and improve the Service. By using the Service, You agree to the collection [&hellip;]<\/p>\n","protected":false},"author":1,"featured_media":0,"parent":0,"menu_order":0,"comment_status":"closed","ping_status":"closed","template":"","meta":{"site-sidebar-layout":"default","site-content-layout":"","ast-site-content-layout":"default","site-content-style":"default","site-sidebar-style":"default","ast-global-header-display":"","ast-banner-title-visibility":"","ast-main-header-display":"","ast-hfb-above-header-display":"","ast-hfb-below-header-display":"","ast-hfb-mobile-header-display":"","site-post-title":"","ast-breadcrumbs-content":"","ast-featured-img":"","footer-sml-layout":"","ast-disable-related-posts":"","theme-transparent-header-meta":"","adv-header-id-meta":"","stick-header-meta":"","header-above-stick-meta":"","header-main-stick-meta":"","header-below-stick-meta":"","astra-migrate-meta-layouts":"set","ast-page-background-enabled":"default","ast-page-background-meta":{"desktop":{"background-color":"var(--ast-global-color-4)","background-image":"","background-repeat":"repeat","background-position":"center center","background-size":"auto","background-attachment":"scroll","background-type":"","background-media":"","overlay-type":"","overlay-color":"","overlay-opacity":"","overlay-gradient":""},"tablet":{"background-color":"","background-image":"","background-repeat":"repeat","background-position":"center center","background-size":"auto","background-attachment":"scroll","background-type":"","background-media":"","overlay-type":"","overlay-color":"","overlay-opacity":"","overlay-gradient":""},"mobile":{"background-color":"","background-image":"","background-repeat":"repeat","background-position":"center center","background-size":"auto","background-attachment":"scroll","background-type":"","background-media":"","overlay-type":"","overlay-color":"","overlay-opacity":"","overlay-gradient":""}},"ast-content-background-meta":{"desktop":{"background-color":"var(--ast-global-color-5)","background-image":"","background-repeat":"repeat","background-position":"center center","background-size":"auto","background-attachment":"scroll","background-type":"","background-media":"","overlay-type":"","overlay-color":"","overlay-opacity":"","overlay-gradient":""},"tablet":{"background-color":"var(--ast-global-color-5)","background-image":"","background-repeat":"repeat","background-position":"center center","background-size":"auto","background-attachment":"scroll","background-type":"","background-media":"","overlay-type":"","overlay-color":"","overlay-opacity":"","overlay-gradient":""},"mobile":{"background-color":"var(--ast-global-color-5)","background-image":"","background-repeat":"repeat","background-position":"center center","background-size":"auto","background-attachment":"scroll","background-type":"","background-media":"","overlay-type":"","overlay-color":"","overlay-opacity":"","overlay-gradient":""}},"footnotes":""},"class_list":["post-12576","page","type-page","status-publish","hentry"],"_links":{"self":[{"href":"https:\/\/adriondesign.com\/hr\/wp-json\/wp\/v2\/pages\/12576","targetHints":{"allow":["GET"]}}],"collection":[{"href":"https:\/\/adriondesign.com\/hr\/wp-json\/wp\/v2\/pages"}],"about":[{"href":"https:\/\/adriondesign.com\/hr\/wp-json\/wp\/v2\/types\/page"}],"author":[{"embeddable":true,"href":"https:\/\/adriondesign.com\/hr\/wp-json\/wp\/v2\/users\/1"}],"replies":[{"embeddable":true,"href":"https:\/\/adriondesign.com\/hr\/wp-json\/wp\/v2\/comments?post=12576"}],"version-history":[{"count":1,"href":"https:\/\/adriondesign.com\/hr\/wp-json\/wp\/v2\/pages\/12576\/revisions"}],"predecessor-version":[{"id":12577,"href":"https:\/\/adriondesign.com\/hr\/wp-json\/wp\/v2\/pages\/12576\/revisions\/12577"}],"wp:attachment":[{"href":"https:\/\/adriondesign.com\/hr\/wp-json\/wp\/v2\/media?parent=12576"}],"curies":[{"name":"wp","href":"https:\/\/api.w.org\/{rel}","templated":true}]}}